{"id":2152,"date":"2024-11-20T20:11:23","date_gmt":"2024-11-20T19:11:23","guid":{"rendered":"https:\/\/www.startkidsup.com\/declaracio-daccessibilitat\/"},"modified":"2024-11-21T09:49:23","modified_gmt":"2024-11-21T08:49:23","slug":"declaracio-daccessibilitat","status":"publish","type":"page","link":"https:\/\/www.startkidsup.com\/ca\/declaracio-daccessibilitat\/","title":{"rendered":"Declaraci\u00f3 d&#8217;accessibilitat"},"content":{"rendered":"\t\t<div data-elementor-type=\"wp-page\" data-elementor-id=\"2152\" class=\"elementor elementor-2152 elementor-2137\" data-elementor-post-type=\"page\">\n\t\t\t\t<div class=\"elementor-element elementor-element-db21051 e-flex e-con-boxed e-con e-parent\" data-id=\"db21051\" data-element_type=\"container\">\n\t\t\t\t\t<div class=\"e-con-inner\">\n\t\t\t\t<div class=\"elementor-element elementor-element-71e09ab elementor-widget elementor-widget-heading\" data-id=\"71e09ab\" data-element_type=\"widget\" data-widget_type=\"heading.default\">\n\t\t\t\t<div class=\"elementor-widget-container\">\n\t\t\t<style>\/*! elementor - v3.22.0 - 26-06-2024 *\/\n.elementor-heading-title{padding:0;margin:0;line-height:1}.elementor-widget-heading .elementor-heading-title[class*=elementor-size-]>a{color:inherit;font-size:inherit;line-height:inherit}.elementor-widget-heading .elementor-heading-title.elementor-size-small{font-size:15px}.elementor-widget-heading .elementor-heading-title.elementor-size-medium{font-size:19px}.elementor-widget-heading .elementor-heading-title.elementor-size-large{font-size:29px}.elementor-widget-heading .elementor-heading-title.elementor-size-xl{font-size:39px}.elementor-widget-heading .elementor-heading-title.elementor-size-xxl{font-size:59px}<\/style><h2 class=\"elementor-heading-title elementor-size-default\">Declaraci\u00f3 d'accessibilitat<\/h2>\t\t<\/div>\n\t\t\t\t<\/div>\n\t\t\t\t\t<\/div>\n\t\t\t\t<\/div>\n\t\t<div class=\"elementor-element elementor-element-df3791e e-flex e-con-boxed e-con e-parent\" data-id=\"df3791e\" data-element_type=\"container\">\n\t\t\t\t\t<div class=\"e-con-inner\">\n\t\t\t\t<div class=\"elementor-element elementor-element-4c7bbea elementor-widget elementor-widget-text-editor\" data-id=\"4c7bbea\" data-element_type=\"widget\" data-widget_type=\"text-editor.default\">\n\t\t\t\t<div class=\"elementor-widget-container\">\n\t\t\t<style>\/*! elementor - v3.22.0 - 26-06-2024 *\/\n.elementor-widget-text-editor.elementor-drop-cap-view-stacked .elementor-drop-cap{background-color:#69727d;color:#fff}.elementor-widget-text-editor.elementor-drop-cap-view-framed .elementor-drop-cap{color:#69727d;border:3px solid;background-color:transparent}.elementor-widget-text-editor:not(.elementor-drop-cap-view-default) .elementor-drop-cap{margin-top:8px}.elementor-widget-text-editor:not(.elementor-drop-cap-view-default) .elementor-drop-cap-letter{width:1em;height:1em}.elementor-widget-text-editor .elementor-drop-cap{float:left;text-align:center;line-height:1;font-size:50px}.elementor-widget-text-editor .elementor-drop-cap-letter{display:inline-block}<\/style>\t\t\t\t<p>Startkidsup s&#8217;ha comprom\u00e8s a fer accessible el seu lloc web, de conformitat amb la legislaci\u00f3 nacional per la qual es transposa la Directiva (UE) 2016\/2102 del Parlament Europeu i del Consell, el Reial Decret 1112\/201.<\/p>\n<p>Aquesta declaraci\u00f3 d&#8217;accessibilitat s&#8217;aplica a aquest lloc web, https:\/\/startkidsup.com<\/p>\n<p><strong>Situaci\u00f3 de compliment<\/strong><br \/>Aquest lloc web \u00e9s plenament conforme amb el Reial decret 1112\/201, aconseguint el nivell AA previst per la normativa.<\/p>\n<p><strong>Contingut no accessible<\/strong><br \/>El lloc web compleix tots els requisits de la norma UNE-EN 301549:2022 (excloent-ne el contingut excl\u00f2s pel RD 1112\/2018), sense cap excepci\u00f3.<\/p>\n<p><strong>Preparaci\u00f3 d&#8217;aquesta declaraci\u00f3 d&#8217;accessibilitat<\/strong><br \/>Aquesta declaraci\u00f3 va ser preparada l&#8217;1 de novembre del 2024.<\/p>\n<p>El m\u00e8tode emprat per preparar la declaraci\u00f3 ha estat una autoavaluaci\u00f3 duta a terme pel mateix organisme.<\/p>\n<p><strong>\u00daltima revisi\u00f3 de la declaraci\u00f3<\/strong>: 20 de novembre de 2024.<\/p>\n<p><strong>Observacions i dades de contacte<\/strong><br \/>Podeu realitzar comunicacions sobre requisits d&#8217;accessibilitat (article 10.2.a) del Reial decret 1112\/2018, de 7 de setembre) com, per exemple:<\/p>\n<p>Informar sobre qualsevol possible incompliment per part daquest lloc web.<br \/>Transmetre altres dificultats dacc\u00e9s al contingut.<br \/>Formular qualsevol altra consulta o suggeriment de millora relativa a laccessibilitat del lloc web.<br \/>A trav\u00e9s de les vies seg\u00fcents:<\/p>\n<p>Correu electr\u00f2nic: hello@startkidsup.com<br \/>Tel\u00e8fon: (+34) 652 21 44 88<br \/>Les comunicacions seran rebudes i tractades per la Subdirecci\u00f3 General de Serveis Web, Transpar\u00e8ncia i Protecci\u00f3 de Dades (Secretaria General T\u00e8cnica), com a unitat responsable dels continguts d&#8217;aquest lloc web.<\/p>\n<p>Tamb\u00e9 podeu sol\u00b7licitar en format accessible informaci\u00f3 que no compleixi els requisits d&#8217;accessibilitat, b\u00e9 per estar exclosa, b\u00e9 per estar exempta per c\u00e0rrega desproporcionada o formular una queixa per incompliment dels requisits d&#8217;accessibilitat.<\/p>\n\t\t\t\t\t\t<\/div>\n\t\t\t\t<\/div>\n\t\t\t\t\t<\/div>\n\t\t\t\t<\/div>\n\t\t\t\t<\/div>\n\t\t","protected":false},"excerpt":{"rendered":"<p>Declaraci\u00f3 d&#8217;accessibilitat Startkidsup s&#8217;ha comprom\u00e8s a fer accessible el seu lloc web, de conformitat amb la legislaci\u00f3 nacional per la qual es transposa la Directiva (UE) 2016\/2102 del Parlament Europeu i del Consell, el Reial Decret 1112\/201. Aquesta declaraci\u00f3 d&#8217;accessibilitat s&#8217;aplica a aquest lloc web, https:\/\/startkidsup.com Situaci\u00f3 de complimentAquest lloc web \u00e9s plenament conforme amb [&hellip;]<\/p>\n","protected":false},"author":2,"featured_media":0,"parent":0,"menu_order":0,"comment_status":"closed","ping_status":"closed","template":"elementor_header_footer","meta":{"footnotes":""},"class_list":["post-2152","page","type-page","status-publish","hentry"],"_links":{"self":[{"href":"https:\/\/www.startkidsup.com\/ca\/wp-json\/wp\/v2\/pages\/2152","targetHints":{"allow":["GET"]}}],"collection":[{"href":"https:\/\/www.startkidsup.com\/ca\/wp-json\/wp\/v2\/pages"}],"about":[{"href":"https:\/\/www.startkidsup.com\/ca\/wp-json\/wp\/v2\/types\/page"}],"author":[{"embeddable":true,"href":"https:\/\/www.startkidsup.com\/ca\/wp-json\/wp\/v2\/users\/2"}],"replies":[{"embeddable":true,"href":"https:\/\/www.startkidsup.com\/ca\/wp-json\/wp\/v2\/comments?post=2152"}],"version-history":[{"count":1,"href":"https:\/\/www.startkidsup.com\/ca\/wp-json\/wp\/v2\/pages\/2152\/revisions"}],"predecessor-version":[{"id":2153,"href":"https:\/\/www.startkidsup.com\/ca\/wp-json\/wp\/v2\/pages\/2152\/revisions\/2153"}],"wp:attachment":[{"href":"https:\/\/www.startkidsup.com\/ca\/wp-json\/wp\/v2\/media?parent=2152"}],"curies":[{"name":"wp","href":"https:\/\/api.w.org\/{rel}","templated":true}]}}